{"id":211,"date":"2019-06-12T13:00:40","date_gmt":"2019-06-12T12:00:40","guid":{"rendered":"http:\/\/reysejet.es\/web\/?page_id=211"},"modified":"2020-10-27T09:40:50","modified_gmt":"2020-10-27T08:40:50","slug":"cookies","status":"publish","type":"page","link":"https:\/\/reysejet.es\/web\/?page_id=211","title":{"rendered":"Cookies"},"content":{"rendered":"<p>Utilizamos cookies propias y de terceros para mejorar nuestros servicios y mostrarle publicidad relacionada con sus preferencias mediante el an\u00e1lisis de sus h\u00e1bitos de navegaci\u00f3n. Si continua navegando, consideramos que acepta su uso. Puede cambiar la configuraci\u00f3n u obtener m\u00e1s informaci\u00f3n en nuestra Pol\u00edtica de Cookies incluida en nuestro <a href=\"http:\/\/reysejet.es\/web\/?page_id=227\"><u>Aviso Legal<\/u><\/a>.<\/p>\n","protected":false},"excerpt":{"rendered":"<p>Utilizamos cookies propias y de terceros para mejorar nuestros servicios y mostrarle publicidad relacionada con sus preferencias mediante el an\u00e1lisis de sus h\u00e1bitos de navegaci\u00f3n. Si continua navegando, consideramos que acepta su uso. Puede cambiar la configuraci\u00f3n u obtener m\u00e1s informaci\u00f3n en nuestra Pol\u00edtica de Cookies incluida en nuestro Aviso Legal.<\/p>\n","protected":false},"author":1,"featured_media":5,"parent":0,"menu_order":0,"comment_status":"closed","ping_status":"closed","template":"","meta":{"footnotes":""},"class_list":["post-211","page","type-page","status-publish","has-post-thumbnail","hentry"],"_links":{"self":[{"href":"https:\/\/reysejet.es\/web\/index.php?rest_route=\/wp\/v2\/pages\/211","targetHints":{"allow":["GET"]}}],"collection":[{"href":"https:\/\/reysejet.es\/web\/index.php?rest_route=\/wp\/v2\/pages"}],"about":[{"href":"https:\/\/reysejet.es\/web\/index.php?rest_route=\/wp\/v2\/types\/page"}],"author":[{"embeddable":true,"href":"https:\/\/reysejet.es\/web\/index.php?rest_route=\/wp\/v2\/users\/1"}],"replies":[{"embeddable":true,"href":"https:\/\/reysejet.es\/web\/index.php?rest_route=%2Fwp%2Fv2%2Fcomments&post=211"}],"version-history":[{"count":6,"href":"https:\/\/reysejet.es\/web\/index.php?rest_route=\/wp\/v2\/pages\/211\/revisions"}],"predecessor-version":[{"id":268,"href":"https:\/\/reysejet.es\/web\/index.php?rest_route=\/wp\/v2\/pages\/211\/revisions\/268"}],"wp:featuredmedia":[{"embeddable":true,"href":"https:\/\/reysejet.es\/web\/index.php?rest_route=\/wp\/v2\/media\/5"}],"wp:attachment":[{"href":"https:\/\/reysejet.es\/web\/index.php?rest_route=%2Fwp%2Fv2%2Fmedia&parent=211"}],"curies":[{"name":"wp","href":"https:\/\/api.w.org\/{rel}","templated":true}]}}