{"id":243,"date":"2019-06-12T14:58:43","date_gmt":"2019-06-12T13:58:43","guid":{"rendered":"http:\/\/reysejet.es\/web\/?page_id=243"},"modified":"2019-06-12T14:58:43","modified_gmt":"2019-06-12T13:58:43","slug":"informacion-detallada-sobre-proteccion-de-datos","status":"publish","type":"page","link":"https:\/\/reysejet.es\/web\/?page_id=243","title":{"rendered":"Informaci\u00f3n detallada sobre Protecci\u00f3n de Datos"},"content":{"rendered":"<p><strong>Informaci\u00f3n detallada sobre Protecci\u00f3n de Datos<\/strong><\/p>\n<ol>\n<li><strong>Responsable<\/strong><\/li>\n<\/ol>\n<p><strong><u>1.1. Responsable del tratamiento<\/u>:<\/strong> REYSEJET Reparaci\u00f3n y Servicio Combustible, S.L. (en adelante, \u201cREYSEJET\u201d)<\/p>\n<p>C\\ Lago de Sanabria, 234.: 910253759<\/p>\n<p>(lopd@reysejet.es)<\/p>\n<p>28981 Parla \u2013 MADRID<\/p>\n<p>B87335402<\/p>\n<p><strong>1.2. <u>Delegado de Protecci\u00f3n de Datos (DPD)<\/u>:<\/strong><\/p>\n<p>En el supuesto de que REYSEJET designe un DPD m\u00e1s adelante, en el momento de la designaci\u00f3n del mismo, se publicar\u00e1n los datos (tel\u00e9fono y correo electr\u00f3nico) de dicho DPD en la p\u00e1gina web www.reysejet.es<\/p>\n<p><strong>2. Finalidades del tratamiento<\/strong><\/p>\n<p>Sus datos se podr\u00e1n utilizar para:<b>\u00a0<\/b><\/p>\n<ul>\n<li style=\"list-style-type: none;\">\n<ul>\n<li>Tramitar la consulta\/solicitud por usted planteada.<b><\/b><\/li>\n<\/ul>\n<\/li>\n<\/ul>\n<ul>\n<li style=\"list-style-type: none;\">\n<ul>\n<li>Remitirle a trav\u00e9s de cualquier medio, incluidos los electr\u00f3nicos, informaci\u00f3n comercial sobre productos y servicios propios o de terceros del mismo grupo empresarial relativos a ________________________ y\/o felicitaciones navide\u00f1as o similares.<b><\/b><\/li>\n<\/ul>\n<\/li>\n<\/ul>\n<p><strong>\u00a0<\/strong><\/p>\n<p><strong>3. Legitimaci\u00f3n<\/strong><\/p>\n<p>La base legal para el tratamiento de sus datos es la gesti\u00f3n de una solicitud planteada por usted. La legitimidad de las comunicaciones comerciales en relaci\u00f3n con nuestros productos y servicios, est\u00e1 basada en el consentimiento que a estos efectos le hemos solicitado.<\/p>\n<p>Todos los datos solicitados en el formulario son de obligada cumplimentaci\u00f3n, si no los indica, REYSEJET no podr\u00e1 atender su solicitud.<\/p>\n<p>La negativa y\/o revocaci\u00f3n del consentimiento para env\u00edos publicitarios, en ning\u00fan caso condicionar\u00e1n la gesti\u00f3n de su solicitud, siempre que nos haya dado su consentimiento para la tramitaci\u00f3n de dicha solicitud.<\/p>\n<p><strong>4. Plazos\/criterios de conservaci\u00f3n de los datos<\/strong><\/p>\n<p>Sus datos personales se conservar\u00e1n mientras se tramita su consulta\/solicitud, y para la finalidad del env\u00edo de publicidad, mientras no se revoque el consentimiento para ello, en cuyo caso, los datos se suprimir\u00e1n, entendiendo supresi\u00f3n como bloqueo de los mismos, en este sentido, los datos bloqueados quedar\u00e1n a disposici\u00f3n exclusiva del tribunal, el Ministerio Fiscal u otras Administraciones P\u00fablicas competentes, en particular de las autoridades de protecci\u00f3n de datos, para la exigencia de posibles responsabilidades derivadas del tratamiento y por el plazo de prescripci\u00f3n de las mismas.\u00a0<b>\u00a0<\/b><\/p>\n<p><strong>5. Destinatarios<\/strong><\/p>\n<p>Se prev\u00e9 llevar a cabo comunicaciones de datos a entidades del mismo grupo de empresas de REYSEJET, S.L.\/relacionadas con ________________\/se indican a continuaci\u00f3n para el env\u00edo de comunicaciones comerciales\/con la finalidad de _______________.<\/p>\n<p><strong>_______________<\/strong>domiciliada en<strong> __________________<\/strong><\/p>\n<p><strong>_______________<\/strong>domiciliada en<strong> __________________<\/strong><\/p>\n<p>No se prev\u00e9 llevar a cabo comunicaciones de datos a terceros, salvo obligaci\u00f3n legal.<\/p>\n<p>No se van a llevar a cabo transferencias de datos a terceros pa\u00edses sitos fuera de la Uni\u00f3n Europea.<\/p>\n<p>6. Derechos<b><\/b><\/p>\n<p><u>6.1 Ejercicio de derechos<\/u>: si desea ejercitar los derechos que le asisten de acceso, rectificaci\u00f3n, supresi\u00f3n, portabilidad de sus datos, as\u00ed como la limitaci\u00f3n u oposici\u00f3n a su tratamiento, le rogamos remita un escrito dirigido a REYSEJET, a la direcci\u00f3n indicada anteriormente, o al correo electr\u00f3nico lopd@reysejet.es, con la referencia Protecci\u00f3n de Datos Usuarios web, adjuntando copia de su DNI o documento identificativo equivalente.<\/p>\n<p><u>6.2 Derecho retirada consentimiento<\/u>: usted puede revocar en cualquier momento el consentimiento prestado para el tratamiento de sus datos mediante un escrito dirigido a REYSEJET a la direcci\u00f3n indicada anteriormente, o al correo electr\u00f3nico lopd@reysejet.es, con la referencia Protecci\u00f3n de Datos Usuarios web, adjuntando copia de su DNI o documento identificativo equivalente, sin que esta revocaci\u00f3n del consentimiento afecte al tratamiento basado en el consentimiento previo a su retirada.<\/p>\n<p><u>6.3 Reclamaci\u00f3n<\/u>: En todo caso, usted podr\u00e1, si entiende que sus derechos han sido vulnerados, interponer una reclamaci\u00f3n ante la Agencia Espa\u00f1ola de Protecci\u00f3n de Datos, con domicilio en calle Jorge Juan 6, 28001 de Madrid, tel\u00e9fono 901 100 099, y sitio web <a href=\"http:\/\/www.agpd.es\/\"><u>www.agpd.es<\/u><\/a><\/p>\n","protected":false},"excerpt":{"rendered":"<p>Informaci\u00f3n detallada sobre Protecci\u00f3n de Datos Responsable 1.1. Responsable del tratamiento: REYSEJET Reparaci\u00f3n y Servicio Combustible, S.L. (en adelante, \u201cREYSEJET\u201d) C\\ Lago de Sanabria, 234.: 910253759 (lopd@reysejet.es) 28981 Parla \u2013 MADRID B87335402 1.2. Delegado de Protecci\u00f3n de Datos (DPD): En el supuesto de que REYSEJET designe un DPD m\u00e1s adelante, en el momento de la &hellip; <\/p>\n<p class=\"link-more\"><a href=\"https:\/\/reysejet.es\/web\/?page_id=243\" class=\"more-link\">Continuar leyendo<span class=\"screen-reader-text\"> \u00abInformaci\u00f3n detallada sobre Protecci\u00f3n de Datos\u00bb<\/span><\/a><\/p>\n","protected":false},"author":1,"featured_media":0,"parent":0,"menu_order":0,"comment_status":"closed","ping_status":"closed","template":"","meta":{"footnotes":""},"class_list":["post-243","page","type-page","status-publish","hentry"],"_links":{"self":[{"href":"https:\/\/reysejet.es\/web\/index.php?rest_route=\/wp\/v2\/pages\/243","targetHints":{"allow":["GET"]}}],"collection":[{"href":"https:\/\/reysejet.es\/web\/index.php?rest_route=\/wp\/v2\/pages"}],"about":[{"href":"https:\/\/reysejet.es\/web\/index.php?rest_route=\/wp\/v2\/types\/page"}],"author":[{"embeddable":true,"href":"https:\/\/reysejet.es\/web\/index.php?rest_route=\/wp\/v2\/users\/1"}],"replies":[{"embeddable":true,"href":"https:\/\/reysejet.es\/web\/index.php?rest_route=%2Fwp%2Fv2%2Fcomments&post=243"}],"version-history":[{"count":1,"href":"https:\/\/reysejet.es\/web\/index.php?rest_route=\/wp\/v2\/pages\/243\/revisions"}],"predecessor-version":[{"id":244,"href":"https:\/\/reysejet.es\/web\/index.php?rest_route=\/wp\/v2\/pages\/243\/revisions\/244"}],"wp:attachment":[{"href":"https:\/\/reysejet.es\/web\/index.php?rest_route=%2Fwp%2Fv2%2Fmedia&parent=243"}],"curies":[{"name":"wp","href":"https:\/\/api.w.org\/{rel}","templated":true}]}}