{"id":33,"date":"2017-11-24T12:28:09","date_gmt":"2017-11-24T10:28:09","guid":{"rendered":"http:\/\/reysejet.es\/web\/?page_id=33"},"modified":"2021-10-13T17:05:15","modified_gmt":"2021-10-13T16:05:15","slug":"contacto","status":"publish","type":"page","link":"https:\/\/reysejet.es\/web\/?page_id=33","title":{"rendered":"Contacto"},"content":{"rendered":"<p style=\"text-align: center;\">\n<div class=\"wpcf7 no-js\" id=\"wpcf7-f359-o1\" lang=\"es-ES\" dir=\"ltr\" data-wpcf7-id=\"359\">\n<div class=\"screen-reader-response\"><p role=\"status\" aria-live=\"polite\" aria-atomic=\"true\"><\/p> <ul><\/ul><\/div>\n<form action=\"\/web\/index.php?rest_route=%2Fwp%2Fv2%2Fpages%2F33#wpcf7-f359-o1\" method=\"post\" class=\"wpcf7-form init\" aria-label=\"Formulario de contacto\" novalidate=\"novalidate\" data-status=\"init\">\n<fieldset class=\"hidden-fields-container\"><input type=\"hidden\" name=\"_wpcf7\" value=\"359\" \/><input type=\"hidden\" name=\"_wpcf7_version\" value=\"6.1.4\" \/><input type=\"hidden\" name=\"_wpcf7_locale\" value=\"es_ES\" \/><input type=\"hidden\" name=\"_wpcf7_unit_tag\" value=\"wpcf7-f359-o1\" \/><input type=\"hidden\" name=\"_wpcf7_container_post\" value=\"0\" \/><input type=\"hidden\" name=\"_wpcf7_posted_data_hash\" value=\"\" \/>\n<\/fieldset>\n<p><label> Nombre (requerido)<br \/>\n<span class=\"wpcf7-form-control-wrap\" data-name=\"your-name\"><input size=\"40\" maxlength=\"400\" class=\"wpcf7-form-control wpcf7-text wpcf7-validates-as-required\" aria-required=\"true\" aria-invalid=\"false\" value=\"\" type=\"text\" name=\"your-name\" \/><\/span> <\/label>\n<\/p>\n<p><label> Tu correo electr\u00f3nico (requerido)<br \/>\n<span class=\"wpcf7-form-control-wrap\" data-name=\"your-email\"><input size=\"40\" maxlength=\"400\" class=\"wpcf7-form-control wpcf7-email wpcf7-validates-as-required wpcf7-text wpcf7-validates-as-email\" aria-required=\"true\" aria-invalid=\"false\" value=\"\" type=\"email\" name=\"your-email\" \/><\/span> <\/label>\n<\/p>\n<p><label> Asunto<br \/>\n<span class=\"wpcf7-form-control-wrap\" data-name=\"your-subject\"><input size=\"40\" maxlength=\"400\" class=\"wpcf7-form-control wpcf7-text\" aria-invalid=\"false\" value=\"\" type=\"text\" name=\"your-subject\" \/><\/span> <\/label>\n<\/p>\n<p><label> Mensaje<br \/>\n<span class=\"wpcf7-form-control-wrap\" data-name=\"your-message\"><textarea cols=\"40\" rows=\"10\" maxlength=\"2000\" class=\"wpcf7-form-control wpcf7-textarea\" aria-invalid=\"false\" name=\"your-message\"><\/textarea><\/span> <\/label>\n<\/p>\n<p><span class=\"wpcf7-form-control-wrap\" data-name=\"acepta-rgpd\"><span class=\"wpcf7-form-control wpcf7-acceptance\"><span class=\"wpcf7-list-item\"><label><input type=\"checkbox\" name=\"acepta-rgpd\" value=\"1\" aria-invalid=\"false\" \/><span class=\"wpcf7-list-item-label\">He leido y acepto la <a href=\"https:\/\/reysejet.es\/web\/?page_id=192\">presente Pol\u00edtica de Privacidad y tratamiento de datos personales<\/a><\/span><\/label><\/span><\/span><\/span>\n<\/p>\n<p><span class=\"wpcf7-form-control-wrap\" data-name=\"aceptacion-publicidad\"><span class=\"wpcf7-form-control wpcf7-acceptance\"><span class=\"wpcf7-list-item\"><label><input type=\"checkbox\" name=\"aceptacion-publicidad\" value=\"1\" aria-invalid=\"false\" \/><span class=\"wpcf7-list-item-label\">Marque aqu\u00ed si consiente el env\u00edo de publicidad sobre nuestros productos y servicios, tal y como le informamos en la <a href=\"https:\/\/reysejet.es\/web\/?page_id=243\">Pol\u00edtica Protecci\u00f3n de Datos.<\/a><\/span><\/label><\/span><\/span><\/span>\n<\/p>\n<p><span class=\"wpcf7-form-control-wrap\" data-name=\"aceptacion-publicidad-terceros\"><span class=\"wpcf7-form-control wpcf7-acceptance\"><span class=\"wpcf7-list-item\"><label><input type=\"checkbox\" name=\"aceptacion-publicidad-terceros\" value=\"1\" aria-invalid=\"false\" \/><span class=\"wpcf7-list-item-label\">Marque aqu\u00ed si autoriza la recepci\u00f3n de env\u00edos de publicidad de terceros pertenecientes a nuestro grupo empresarial, bien desde REYSEJET o bien directamente por el tercero, tal y como le informamos en la <a href=\"https:\/\/reysejet.es\/web\/?page_id=227\">Pol\u00edtica Protecci\u00f3n de Datos.<\/a><\/span><\/label><\/span><\/span><\/span>\n<\/p>\n<p><input class=\"wpcf7-form-control wpcf7-submit has-spinner\" type=\"submit\" value=\"Enviar\" \/>\n<\/p><div class=\"wpcf7-response-output\" aria-hidden=\"true\"><\/div>\n<\/form>\n<\/div>\n\n<h4 style=\"text-align: center;\">Reysejet, S.L.\u00a0\u00a0\u00a0\u00a0\u00a0\u00a0 <em><a href=\"https:\/\/reysejet.es\/web\">Inicio\u00a0<\/a><\/em><em>| <a href=\"https:\/\/reysejet.es\/web\/?page_id=38\">Empresa <\/a>|\u00a0<a href=\"https:\/\/reysejet.es\/web\/?page_id=69\">Servicios<\/a> | <a href=\"https:\/\/reysejet.es\/web\/%20?page_id=78\">Clientes<\/a> |\u00a0<a href=\"https:\/\/reysejet.es\/web\">Venta\u00a0<\/a><\/em><em>|\u00a0<a href=\"https:\/\/reysejet.es\/web\/?page_id=87\">Software<\/a> <\/em><\/h4>\n","protected":false},"excerpt":{"rendered":"<p>Reysejet, S.L.\u00a0\u00a0\u00a0\u00a0\u00a0\u00a0 Inicio\u00a0| Empresa |\u00a0Servicios | Clientes |\u00a0Venta\u00a0|\u00a0Software<\/p>\n","protected":false},"author":1,"featured_media":0,"parent":50,"menu_order":0,"comment_status":"closed","ping_status":"closed","template":"","meta":{"footnotes":""},"class_list":["post-33","page","type-page","status-publish","hentry"],"_links":{"self":[{"href":"https:\/\/reysejet.es\/web\/index.php?rest_route=\/wp\/v2\/pages\/33","targetHints":{"allow":["GET"]}}],"collection":[{"href":"https:\/\/reysejet.es\/web\/index.php?rest_route=\/wp\/v2\/pages"}],"about":[{"href":"https:\/\/reysejet.es\/web\/index.php?rest_route=\/wp\/v2\/types\/page"}],"author":[{"embeddable":true,"href":"https:\/\/reysejet.es\/web\/index.php?rest_route=\/wp\/v2\/users\/1"}],"replies":[{"embeddable":true,"href":"https:\/\/reysejet.es\/web\/index.php?rest_route=%2Fwp%2Fv2%2Fcomments&post=33"}],"version-history":[{"count":19,"href":"https:\/\/reysejet.es\/web\/index.php?rest_route=\/wp\/v2\/pages\/33\/revisions"}],"predecessor-version":[{"id":360,"href":"https:\/\/reysejet.es\/web\/index.php?rest_route=\/wp\/v2\/pages\/33\/revisions\/360"}],"up":[{"embeddable":true,"href":"https:\/\/reysejet.es\/web\/index.php?rest_route=\/wp\/v2\/pages\/50"}],"wp:attachment":[{"href":"https:\/\/reysejet.es\/web\/index.php?rest_route=%2Fwp%2Fv2%2Fmedia&parent=33"}],"curies":[{"name":"wp","href":"https:\/\/api.w.org\/{rel}","templated":true}]}}