{"id":38,"date":"2017-11-24T12:40:18","date_gmt":"2017-11-24T10:40:18","guid":{"rendered":"http:\/\/reysejet.es\/web\/?page_id=38"},"modified":"2025-12-22T13:44:53","modified_gmt":"2025-12-22T12:44:53","slug":"empresa","status":"publish","type":"page","link":"https:\/\/reysejet.es\/web\/","title":{"rendered":"Empresa"},"content":{"rendered":"\n<blockquote class=\"wp-block-quote is-layout-flow wp-block-quote-is-layout-flow\">\n<p>Reysejet, Reparaci\u00f3n y Servicio Combustible, es una sociedad que poco a poco ha ido tomando cuerpo y entidad dentro de las empresas de mantenimiento de asistencia aeroportuaria.<\/p>\n\n\n\n<p><strong>Especialistas en mantenimiento aeroportuario y sistemas de combustible<\/strong><\/p>\n\n\n\n<p><strong>Reysejet, Reparaci\u00f3n y Servicio Combustible<\/strong>, es una empresa que ha ido creciendo de forma constante hasta posicionarse como un <strong>referente en el sector del mantenimiento de asistencia aeroportuaria en Espa\u00f1a<\/strong>. Su trayectoria, basada en la calidad del servicio, la experiencia t\u00e9cnica y la capacidad de respuesta, la sit\u00faa como un socio estrat\u00e9gico para operadores aeroportuarios y empresas del sector aeron\u00e1utico.<\/p>\n\n\n\n<p>La compa\u00f1\u00eda dispone de una <strong>flota propia de veh\u00edculos taller industriales<\/strong>, totalmente equipados, que permiten realizar <strong>intervenciones t\u00e9cnicas r\u00e1pidas y eficientes directamente en pista<\/strong>. Esto garantiza la continuidad operativa y minimiza tiempos de parada en los aeropuertos.<\/p>\n<\/blockquote>\n\n\n\n<p><strong>Infraestructura moderna y tecnolog\u00eda avanzada<\/strong><\/p>\n\n\n\n<p>Reysejet cuenta adem\u00e1s con dos <strong>naves industriales de 1500 m\u00b2<\/strong>, equipada con <strong>tecnolog\u00eda de \u00faltima generaci\u00f3n<\/strong>, destinada a trabajos de mantenimiento, reparaci\u00f3n, fabricaci\u00f3n y reforma de veh\u00edculos e instalaciones t\u00e9cnicas vinculadas a la aviaci\u00f3n. Tambi\u00e9n cuenta con una oficina comercial donde se desarrolla su actividad. Estas instalaciones permiten abordar proyectos complejos con altos est\u00e1ndares de calidad y seguridad.<\/p>\n\n\n\n<p><strong>Presencia nacional e intervenci\u00f3n en cualquier aeropuerto<\/strong><\/p>\n\n\n\n<p>La empresa est\u00e1 <strong>presente en la mayor\u00eda de los aeropuertos espa\u00f1oles<\/strong>, ofreciendo <strong>servicios de mantenimiento integral <\/strong>, tanto preventivo como correctivo. Gracias a su capacidad log\u00edstica y a sus veh\u00edculos taller, Reysejet puede <strong>desplazarse a cualquier aeropuerto dentro y fuera de la geograf\u00eda espa\u00f1ola<\/strong>, adapt\u00e1ndose a las necesidades espec\u00edficas de cada cliente.<\/p>\n\n\n\n<p><strong>Equipo t\u00e9cnico con m\u00e1s de 30 a\u00f1os de experiencia<\/strong><\/p>\n\n\n\n<p>Uno de los principales valores de Reysejet es su <strong>equipo humano altamente cualificado<\/strong>, formado por profesionales con <strong>m\u00e1s de 30 a\u00f1os de experiencia en el sector aeron\u00e1utico e industrial<\/strong>. Su conocimiento abarca:<\/p>\n\n\n\n<ul class=\"wp-block-list\">\n<li>Mantenimiento de veh\u00edculos de asistencia a aeronaves<\/li>\n\n\n\n<li>Fabricaci\u00f3n y reforma de veh\u00edculos para aviaci\u00f3n<\/li>\n\n\n\n<li>Mantenimiento de instalaciones fijas y sistemas de combustible<\/li>\n\n\n\n<li>Adaptaciones t\u00e9cnicas conforme a normativa aeron\u00e1utica<\/li>\n<\/ul>\n\n\n\n<p>Esta experiencia permite ofrecer <strong>soluciones t\u00e9cnicas fiables, seguras y eficientes<\/strong>, cumpliendo con los m\u00e1s altos est\u00e1ndares del sector.<\/p>\n\n\n\n<p><strong>Compromiso con la calidad y la seguridad<\/strong><\/p>\n\n\n\n<p>Reysejet basa su actividad en un firme <strong>compromiso con la seguridad, la calidad y la mejora continua<\/strong>, colaborando con empresas l\u00edderes como <strong>PROFATEC y Reysema Mantenimiento Integral<\/strong> para garantizar un servicio integral y especializado en entornos cr\u00edticos como los aeropuertos.<\/p>\n\n\n\n<blockquote class=\"wp-block-quote is-layout-flow wp-block-quote-is-layout-flow\">\n<h4 class=\"wp-block-heading\">Reysejet, S.L.&nbsp;&nbsp;&nbsp;&nbsp;&nbsp;&nbsp; <em><a href=\"https:\/\/reysejet.es\/web\">Inicio&nbsp;<\/a><\/em><em>|&nbsp;<a href=\"https:\/\/reysejet.es\/web\/?page_id=69\">Servicios<\/a> | <a href=\"https:\/\/reysejet.es\/web\/%20?page_id=78\">Clientes<\/a> |&nbsp;<a href=\"https:\/\/reysejet.es\/web\">Venta&nbsp;<\/a><\/em><em>|&nbsp;<a href=\"https:\/\/reysejet.es\/web\/?page_id=87\">Software<\/a> <\/em><\/h4>\n<\/blockquote>\n","protected":false},"excerpt":{"rendered":"<p>Reysejet, Reparaci\u00f3n y Servicio Combustible, es una sociedad que poco a poco ha ido tomando cuerpo y entidad dentro de las empresas de mantenimiento de asistencia aeroportuaria. Especialistas en mantenimiento aeroportuario y sistemas de combustible Reysejet, Reparaci\u00f3n y Servicio Combustible, es una empresa que ha ido creciendo de forma constante hasta posicionarse como un referente &hellip; <\/p>\n<p class=\"link-more\"><a href=\"https:\/\/reysejet.es\/web\/\" class=\"more-link\">Continuar leyendo<span class=\"screen-reader-text\"> \u00abEmpresa\u00bb<\/span><\/a><\/p>\n","protected":false},"author":1,"featured_media":5,"parent":0,"menu_order":0,"comment_status":"closed","ping_status":"closed","template":"","meta":{"footnotes":""},"class_list":["post-38","page","type-page","status-publish","has-post-thumbnail","hentry"],"_links":{"self":[{"href":"https:\/\/reysejet.es\/web\/index.php?rest_route=\/wp\/v2\/pages\/38","targetHints":{"allow":["GET"]}}],"collection":[{"href":"https:\/\/reysejet.es\/web\/index.php?rest_route=\/wp\/v2\/pages"}],"about":[{"href":"https:\/\/reysejet.es\/web\/index.php?rest_route=\/wp\/v2\/types\/page"}],"author":[{"embeddable":true,"href":"https:\/\/reysejet.es\/web\/index.php?rest_route=\/wp\/v2\/users\/1"}],"replies":[{"embeddable":true,"href":"https:\/\/reysejet.es\/web\/index.php?rest_route=%2Fwp%2Fv2%2Fcomments&post=38"}],"version-history":[{"count":18,"href":"https:\/\/reysejet.es\/web\/index.php?rest_route=\/wp\/v2\/pages\/38\/revisions"}],"predecessor-version":[{"id":432,"href":"https:\/\/reysejet.es\/web\/index.php?rest_route=\/wp\/v2\/pages\/38\/revisions\/432"}],"wp:featuredmedia":[{"embeddable":true,"href":"https:\/\/reysejet.es\/web\/index.php?rest_route=\/wp\/v2\/media\/5"}],"wp:attachment":[{"href":"https:\/\/reysejet.es\/web\/index.php?rest_route=%2Fwp%2Fv2%2Fmedia&parent=38"}],"curies":[{"name":"wp","href":"https:\/\/api.w.org\/{rel}","templated":true}]}}