{"id":87,"date":"2017-11-24T14:38:47","date_gmt":"2017-11-24T12:38:47","guid":{"rendered":"http:\/\/reysejet.es\/web\/?page_id=87"},"modified":"2025-12-22T14:35:47","modified_gmt":"2025-12-22T13:35:47","slug":"software","status":"publish","type":"page","link":"https:\/\/reysejet.es\/web\/?page_id=87","title":{"rendered":"Software"},"content":{"rendered":"\n<p>En <strong>REYSEJET S.L.<\/strong> contamos con un <strong>Departamento de Desarrollo de Software propio<\/strong>, encargado de dise\u00f1ar, mantener y mejorar de forma continua <strong>SICAV<\/strong>, nuestro software profesional para la <strong>gesti\u00f3n, control y seguimiento de solicitudes de servicio<\/strong> relacionadas con unidades m\u00f3viles, instalaciones fijas y bienes operativos de nuestros clientes.<\/p>\n\n\n\n<p>SICA es una herramienta digital creada espec\u00edficamente para empresas del sector aeron\u00e1utico y log\u00edstico, que necesitan controlar de forma eficiente su parque de equipamiento, sus operaciones de mantenimiento y la trazabilidad de sus intervenciones.<\/p>\n\n\n\n\t\t<div class=\"msacwl-carousel-wrap msacwl-row-clearfix \" data-conf=\"{&quot;slide_to_show&quot;:2,&quot;slide_to_scroll&quot;:1,&quot;autoplay&quot;:&quot;true&quot;,&quot;autoplay_speed&quot;:3000,&quot;speed&quot;:300,&quot;arrows&quot;:&quot;true&quot;,&quot;dots&quot;:&quot;true&quot;,&quot;lazyload&quot;:&quot;&quot;}\">\r\n\t\t\t<div id=\"msacwl-carousel-1\" class=\"msacwl-carousel msacwl-common-slider msacwl-slider-popup\">\r\n\t\t\t\t\t\t\t\t<div class=\"msacwl-carousel-slide msacwl-slide\" data-item-index=\"1\" >\r\n\r\n\t\t\t\t\t<a class=\"msacwl-img-link\" href=\"javascript:void(0);\" data-mfp-src=\"https:\/\/reysejet.es\/web\/wp-content\/uploads\/2019\/06\/SICA_2.0.jpg\">\r\n\t\t\t\t\t\t<img decoding=\"async\" class=\"msacwl-img\" src=\"https:\/\/reysejet.es\/web\/wp-content\/uploads\/2019\/06\/SICA_2.0.jpg\"  data-title=\"Servicio Integral Control Aver\u00edas\" alt=\"Servicio Integral Control Aver\u00edas\" \/>\r\n\t\t\t\t\t<\/a>\r\n\r\n\t\t\t\t\t\t\t\t\t\t\t<div class=\"msacwl-gallery-caption\">\r\n\t\t\t\t\t\t\t\t\t\t\t\t\t\t\t<span class=\"image_title\">Servicio Integral Control Aver\u00edas<\/span>\r\n\t\t\t\t\t\t\t\t\t\t\t\t\t\t\t<span>SICA<\/span>\r\n\t\t\t\t\t\t\t\t\t\t\t\t\t<\/div>\r\n\t\t\t\t\t\t\t\t\t<\/div>\r\n\t\t\t\t\t\t\t\t<div class=\"msacwl-carousel-slide msacwl-slide\" data-item-index=\"2\" >\r\n\r\n\t\t\t\t\t<a class=\"msacwl-img-link\" href=\"javascript:void(0);\" data-mfp-src=\"https:\/\/reysejet.es\/web\/wp-content\/uploads\/2020\/10\/select_empresa.jpg\">\r\n\t\t\t\t\t\t<img decoding=\"async\" class=\"msacwl-img\" src=\"https:\/\/reysejet.es\/web\/wp-content\/uploads\/2020\/10\/select_empresa.jpg\"  data-title=\"select_empresa\" alt=\"\" \/>\r\n\t\t\t\t\t<\/a>\r\n\r\n\t\t\t\t\t\t\t\t\t\t\t<div class=\"msacwl-gallery-caption\">\r\n\t\t\t\t\t\t\t\t\t\t\t\t\t\t\t<span class=\"image_title\">select_empresa<\/span>\r\n\t\t\t\t\t\t\t\t\t\t\t\t\t\t\t<span><\/span>\r\n\t\t\t\t\t\t\t\t\t\t\t\t\t<\/div>\r\n\t\t\t\t\t\t\t\t\t<\/div>\r\n\t\t\t\t\t\t\t\t<div class=\"msacwl-carousel-slide msacwl-slide\" data-item-index=\"3\" >\r\n\r\n\t\t\t\t\t<a class=\"msacwl-img-link\" href=\"javascript:void(0);\" data-mfp-src=\"https:\/\/reysejet.es\/web\/wp-content\/uploads\/2020\/10\/configuracion.jpg\">\r\n\t\t\t\t\t\t<img decoding=\"async\" class=\"msacwl-img\" src=\"https:\/\/reysejet.es\/web\/wp-content\/uploads\/2020\/10\/configuracion.jpg\"  data-title=\"configuracion\" alt=\"\" \/>\r\n\t\t\t\t\t<\/a>\r\n\r\n\t\t\t\t\t\t\t\t\t\t\t<div class=\"msacwl-gallery-caption\">\r\n\t\t\t\t\t\t\t\t\t\t\t\t\t\t\t<span class=\"image_title\">configuracion<\/span>\r\n\t\t\t\t\t\t\t\t\t\t\t\t\t\t\t<span><\/span>\r\n\t\t\t\t\t\t\t\t\t\t\t\t\t<\/div>\r\n\t\t\t\t\t\t\t\t\t<\/div>\r\n\t\t\t\t\t\t\t\t<div class=\"msacwl-carousel-slide msacwl-slide\" data-item-index=\"4\" >\r\n\r\n\t\t\t\t\t<a class=\"msacwl-img-link\" href=\"javascript:void(0);\" data-mfp-src=\"https:\/\/reysejet.es\/web\/wp-content\/uploads\/2020\/10\/alta_material.jpg\">\r\n\t\t\t\t\t\t<img decoding=\"async\" class=\"msacwl-img\" src=\"https:\/\/reysejet.es\/web\/wp-content\/uploads\/2020\/10\/alta_material.jpg\"  data-title=\"alta_material\" alt=\"\" \/>\r\n\t\t\t\t\t<\/a>\r\n\r\n\t\t\t\t\t\t\t\t\t\t\t<div class=\"msacwl-gallery-caption\">\r\n\t\t\t\t\t\t\t\t\t\t\t\t\t\t\t<span class=\"image_title\">alta_material<\/span>\r\n\t\t\t\t\t\t\t\t\t\t\t\t\t\t\t<span><\/span>\r\n\t\t\t\t\t\t\t\t\t\t\t\t\t<\/div>\r\n\t\t\t\t\t\t\t\t\t<\/div>\r\n\t\t\t\t\t\t\t\t<div class=\"msacwl-carousel-slide msacwl-slide\" data-item-index=\"5\" >\r\n\r\n\t\t\t\t\t<a class=\"msacwl-img-link\" href=\"javascript:void(0);\" data-mfp-src=\"https:\/\/reysejet.es\/web\/wp-content\/uploads\/2020\/10\/informes.jpg\">\r\n\t\t\t\t\t\t<img decoding=\"async\" class=\"msacwl-img\" src=\"https:\/\/reysejet.es\/web\/wp-content\/uploads\/2020\/10\/informes.jpg\"  data-title=\"informes\" alt=\"\" \/>\r\n\t\t\t\t\t<\/a>\r\n\r\n\t\t\t\t\t\t\t\t\t\t\t<div class=\"msacwl-gallery-caption\">\r\n\t\t\t\t\t\t\t\t\t\t\t\t\t\t\t<span class=\"image_title\">informes<\/span>\r\n\t\t\t\t\t\t\t\t\t\t\t\t\t\t\t<span><\/span>\r\n\t\t\t\t\t\t\t\t\t\t\t\t\t<\/div>\r\n\t\t\t\t\t\t\t\t\t<\/div>\r\n\t\t\t\t\t\t\t\t<div class=\"msacwl-carousel-slide msacwl-slide\" data-item-index=\"6\" >\r\n\r\n\t\t\t\t\t<a class=\"msacwl-img-link\" href=\"javascript:void(0);\" data-mfp-src=\"https:\/\/reysejet.es\/web\/wp-content\/uploads\/2020\/10\/solicitudes.jpg\">\r\n\t\t\t\t\t\t<img decoding=\"async\" class=\"msacwl-img\" src=\"https:\/\/reysejet.es\/web\/wp-content\/uploads\/2020\/10\/solicitudes.jpg\"  data-title=\"solicitudes\" alt=\"\" \/>\r\n\t\t\t\t\t<\/a>\r\n\r\n\t\t\t\t\t\t\t\t\t\t\t<div class=\"msacwl-gallery-caption\">\r\n\t\t\t\t\t\t\t\t\t\t\t\t\t\t\t<span class=\"image_title\">solicitudes<\/span>\r\n\t\t\t\t\t\t\t\t\t\t\t\t\t\t\t<span><\/span>\r\n\t\t\t\t\t\t\t\t\t\t\t\t\t<\/div>\r\n\t\t\t\t\t\t\t\t\t<\/div>\r\n\t\t\t\t\t\t\t<\/div>\r\n\t\t<\/div>\r\n\t\n\n\n\n<p><a href=\"https:\/\/reysejet.es\/sica\">https:\/\/www.reysejet.es\/sica<\/a><\/p>\n\n\n\n<h2 class=\"wp-block-heading\"><strong>\u00bfQu\u00e9 es SICA?<\/strong><\/h2>\n\n\n\n<p><strong>SICA <\/strong>es un software especializado que permite a nuestros clientes:<\/p>\n\n\n\n<ul class=\"wp-block-list\">\n<li><strong>Dar de alta solicitudes de servicio<\/strong> de forma r\u00e1pida y estructurada.<\/li>\n\n\n\n<li><strong>Realizar seguimiento en tiempo real<\/strong> de trabajos pendientes, en curso o finalizados.<\/li>\n\n\n\n<li>Gestionar la informaci\u00f3n de <strong>unidades repostadoras, unidades dispenser, instalaciones fijas, equipos m\u00f3viles y otros bienes propios<\/strong>.<\/li>\n\n\n\n<li>Mantener un <strong>registro hist\u00f3rico completo<\/strong> de cada incidencia, mantenimiento o intervenci\u00f3n t\u00e9cnica.<\/li>\n<\/ul>\n\n\n\n<p>SICA est\u00e1 dise\u00f1ado para ofrecer <strong>simplicidad de uso, fiabilidad y eficacia<\/strong>, adapt\u00e1ndose a las necesidades reales del sector.<\/p>\n\n\n\n<p><strong>Funciones Principales de SICAV<\/strong><\/p>\n\n\n\n<h3 class=\"wp-block-heading\"><strong>\u2714 Gesti\u00f3n completa de solicitudes de servicio<\/strong><\/h3>\n\n\n\n<ul class=\"wp-block-list\">\n<li>Alta inmediata de nuevas solicitudes.<\/li>\n\n\n\n<li>Priorizaci\u00f3n y categorizaci\u00f3n por tipo, urgencia o instalaci\u00f3n.<\/li>\n\n\n\n<li>Acceso a informaci\u00f3n detallada de cada unidad o equipo.<\/li>\n<\/ul>\n\n\n\n<h3 class=\"wp-block-heading\"><strong>\u2714 Gesti\u00f3n completa de solicitudes de servicio<\/strong><\/h3>\n\n\n\n<ul class=\"wp-block-list\">\n<li>Alta inmediata de nuevas solicitudes.<\/li>\n\n\n\n<li>Priorizaci\u00f3n y categorizaci\u00f3n por tipo, urgencia o instalaci\u00f3n.<\/li>\n\n\n\n<li>Acceso a informaci\u00f3n detallada de cada unidad o equipo.<\/li>\n<\/ul>\n\n\n\n<h3 class=\"wp-block-heading\"><strong>\u2714 Generaci\u00f3n de informes avanzados<\/strong><\/h3>\n\n\n\n<ul class=\"wp-block-list\">\n<li>Informes por <strong>tipo de solicitud<\/strong><\/li>\n\n\n\n<li>Informes por <strong>estado de las intervenciones<\/strong><\/li>\n\n\n\n<li>Informes por <strong>unidad<\/strong>, <strong>instalaci\u00f3n<\/strong> o <strong>cliente<\/strong><\/li>\n\n\n\n<li>Exportaciones para auditor\u00edas, controles internos o documentaci\u00f3n t\u00e9cnica.<\/li>\n<\/ul>\n\n\n\n<h3 class=\"wp-block-heading\"><strong>\u2714 Hist\u00f3rico completo de incidencias<\/strong><\/h3>\n\n\n\n<ul class=\"wp-block-list\">\n<li>Registro cronol\u00f3gico de todas las solicitudes y actuaciones.<\/li>\n\n\n\n<li>Trazabilidad total del ciclo de vida de cada unidad.<\/li>\n\n\n\n<li>Gran valor para mantenimiento predictivo y auditor\u00edas t\u00e9cnicas.<\/li>\n<\/ul>\n\n\n\n<h3 class=\"wp-block-heading\"><strong>\u2714 Paneles visuales y gr\u00e1ficas de progreso<\/strong><\/h3>\n\n\n\n<ul class=\"wp-block-list\">\n<li>Gr\u00e1ficas de avance de proyectos.<\/li>\n\n\n\n<li>Indicadores de rendimiento (KPIs) de mantenimiento.<\/li>\n\n\n\n<li>Paneles intuitivos para supervisi\u00f3n r\u00e1pida.<\/li>\n<\/ul>\n\n\n\n<h3 class=\"wp-block-heading\"><strong>\u2714 Desarrollo continuo<\/strong><\/h3>\n\n\n\n<p>Nuestro equipo mantiene <strong>SICA en evoluci\u00f3n permanente<\/strong>, incorporando mejoras, optimizando el rendimiento y a\u00f1adiendo nuevas funciones seg\u00fan las necesidades de cada cliente.<\/p>\n\n\n\n<p><strong>Ventajas de utilizar SICA<\/strong><\/p>\n\n\n\n<ul class=\"wp-block-list\">\n<li><strong>Centralizaci\u00f3n total<\/strong> de informaci\u00f3n t\u00e9cnica y operativa.<\/li>\n\n\n\n<li><strong>Mejora del control interno<\/strong> y reducci\u00f3n de errores administrativos.<\/li>\n\n\n\n<li><strong>Optimizaci\u00f3n del mantenimiento preventivo<\/strong> gracias al an\u00e1lisis hist\u00f3rico.<\/li>\n\n\n\n<li><strong>Transparencia y trazabilidad completa<\/strong> para auditor\u00edas y revisiones.<\/li>\n\n\n\n<li><strong>Adaptaci\u00f3n al sector aeron\u00e1utico<\/strong>, con funcionalidades espec\u00edficas para instalaciones y unidades de combustible.<\/li>\n\n\n\n<li>Interfaz sencilla, limpia y pensada para operadores, t\u00e9cnicos y responsables de mantenimiento.<\/li>\n<\/ul>\n\n\n\n<p><strong>SICA: Una herramienta creada para nuestros clientes<\/strong><\/p>\n\n\n\n<p>SICA se desarrolla \u00edntegramente por <strong>el equipo de software de REYSEJET S.L.<\/strong>, lo que nos permite:<\/p>\n\n\n\n<ul class=\"wp-block-list\">\n<li>Adaptar la herramienta a cualquier necesidad espec\u00edfica.<\/li>\n\n\n\n<li>Incorporar mejoras seg\u00fan la operativa real de cada cliente.<\/li>\n\n\n\n<li>Garantizar soporte t\u00e9cnico directo y especializado.<\/li>\n\n\n\n<li>Integrar funciones a medida para instalaciones fijas o unidades m\u00f3viles.<\/li>\n<\/ul>\n\n\n\n<p><strong>\u00bfQuieres conocer m\u00e1s sobre SICA?<\/strong><\/p>\n\n\n\n<p>Visita la p\u00e1gina oficial del software:<\/p>\n\n\n\n<p><a href=\"https:\/\/www.reysejet.es\/sica\">https:\/\/www.reysejet.es\/sica<\/a><\/p>\n\n\n\n<p><br>O contacta con nosotros para recibir una demostraci\u00f3n o m\u00e1s informaci\u00f3n sobre c\u00f3mo SICA puede optimizar la gesti\u00f3n de tu parque de unidades y tus instalaciones.<\/p>\n\n\n\n<p><br>&nbsp;<\/p>\n\n\n<\/p>\n<p style=\"text-align: center;\">\n<h4 style=\"text-align: center;\">Reysejet, S.L.\u00a0\u00a0\u00a0\u00a0\u00a0\u00a0 <em><a href=\"https:\/\/reysejet.es\/web\">Inicio\u00a0<\/a><\/em><em>| <a href=\"https:\/\/reysejet.es\/web\/?page_id=38\">Empresa <\/a>|\u00a0<a href=\"https:\/\/reysejet.es\/web\/?page_id=69\">Servicios<\/a> | <a href=\"https:\/\/reysejet.es\/web\/%20?page_id=78\">Clientes<\/a> |\u00a0<a href=\"https:\/\/reysejet.es\/web\">Venta\u00a0<\/a><\/em><em>|\u00a0<a href=\"https:\/\/reysejet.es\/web\/?page_id=87\">Software<\/a> <\/em><\/h4>\n<\/p>","protected":false},"excerpt":{"rendered":"<p>En REYSEJET S.L. contamos con un Departamento de Desarrollo de Software propio, encargado de dise\u00f1ar, mantener y mejorar de forma continua SICAV, nuestro software profesional para la gesti\u00f3n, control y seguimiento de solicitudes de servicio relacionadas con unidades m\u00f3viles, instalaciones fijas y bienes operativos de nuestros clientes. SICA es una herramienta digital creada espec\u00edficamente para &hellip; <\/p>\n<p class=\"link-more\"><a href=\"https:\/\/reysejet.es\/web\/?page_id=87\" class=\"more-link\">Continuar leyendo<span class=\"screen-reader-text\"> \u00abSoftware\u00bb<\/span><\/a><\/p>\n","protected":false},"author":1,"featured_media":5,"parent":0,"menu_order":0,"comment_status":"closed","ping_status":"closed","template":"","meta":{"footnotes":""},"class_list":["post-87","page","type-page","status-publish","has-post-thumbnail","hentry"],"_links":{"self":[{"href":"https:\/\/reysejet.es\/web\/index.php?rest_route=\/wp\/v2\/pages\/87","targetHints":{"allow":["GET"]}}],"collection":[{"href":"https:\/\/reysejet.es\/web\/index.php?rest_route=\/wp\/v2\/pages"}],"about":[{"href":"https:\/\/reysejet.es\/web\/index.php?rest_route=\/wp\/v2\/types\/page"}],"author":[{"embeddable":true,"href":"https:\/\/reysejet.es\/web\/index.php?rest_route=\/wp\/v2\/users\/1"}],"replies":[{"embeddable":true,"href":"https:\/\/reysejet.es\/web\/index.php?rest_route=%2Fwp%2Fv2%2Fcomments&post=87"}],"version-history":[{"count":21,"href":"https:\/\/reysejet.es\/web\/index.php?rest_route=\/wp\/v2\/pages\/87\/revisions"}],"predecessor-version":[{"id":475,"href":"https:\/\/reysejet.es\/web\/index.php?rest_route=\/wp\/v2\/pages\/87\/revisions\/475"}],"wp:featuredmedia":[{"embeddable":true,"href":"https:\/\/reysejet.es\/web\/index.php?rest_route=\/wp\/v2\/media\/5"}],"wp:attachment":[{"href":"https:\/\/reysejet.es\/web\/index.php?rest_route=%2Fwp%2Fv2%2Fmedia&parent=87"}],"curies":[{"name":"wp","href":"https:\/\/api.w.org\/{rel}","templated":true}]}}