{"id":94,"date":"2017-11-24T14:46:40","date_gmt":"2017-11-24T12:46:40","guid":{"rendered":"http:\/\/reysejet.es\/web\/?page_id=94"},"modified":"2022-03-08T14:30:11","modified_gmt":"2022-03-08T13:30:11","slug":"certificaciones","status":"publish","type":"page","link":"https:\/\/reysejet.es\/web\/?page_id=94","title":{"rendered":"Certificaciones"},"content":{"rendered":"<p style=\"text-align: center;\"><strong>CERTIFICACIONES REYSEJET<\/strong><\/p>\n<p>RESYEJET cuenta con varias certificaciones para el desarrollo de su trabajo entre las que se encuentran:<\/p>\n<p style=\"text-align: center;\"><a href=\"https:\/\/reysejet.es\/web\/ISO_9001.pdf\" target=\"_blank\" rel=\"noopener\"><strong>UNE-EN ISO 9001:2015\u00a0<\/strong><\/a><\/p>\n<p style=\"text-align: center;\"><a href=\"https:\/\/reysejet.es\/web\/ISO_14001.pdf\" target=\"_blank\" rel=\"noopener\"><strong>UNE-EN ISO 14001:2015<\/strong><\/a><\/p>\n<p style=\"text-align: center;\"><a href=\"https:\/\/reysejet.es\/web\/ISO_45001.pdf\" target=\"_blank\" rel=\"noopener\"><strong>UNE-EN ISO 45001:2018<\/strong><\/a><\/p>\n<p style=\"text-align: center;\"><strong>V\u00c1LVULAS CARTER<\/strong><\/p>\n<p style=\"text-align: center;\"><strong>V\u00c1LVULAS MEGGITT<\/strong><\/p>\n<p style=\"text-align: center;\"><strong>GASES FLUORADOS<\/strong><\/p>\n<p style=\"text-align: center;\"><b>NEUM\u00c1TICA\u00a0APLICADA<\/b><\/p>\n<p style=\"text-align: center;\"><strong>RACORADO MANGUERAS<\/strong><\/p>\n<p style=\"text-align: center;\"><b>PRL ATM\u00d3SFERAS\u00a0EXPLOSIVAS\u00a0<\/b><\/p>\n<p style=\"text-align: center;\"><strong>PREVENCI\u00d3N DE RIESGOS Y RESCATE EN ESPACIOS CONFINADOS<\/strong><\/p>\n<p style=\"text-align: center;\">\n","protected":false},"excerpt":{"rendered":"<p>CERTIFICACIONES REYSEJET RESYEJET cuenta con varias certificaciones para el desarrollo de su trabajo entre las que se encuentran: UNE-EN ISO 9001:2015\u00a0 UNE-EN ISO 14001:2015 UNE-EN ISO 45001:2018 V\u00c1LVULAS CARTER V\u00c1LVULAS MEGGITT GASES FLUORADOS NEUM\u00c1TICA\u00a0APLICADA RACORADO MANGUERAS PRL ATM\u00d3SFERAS\u00a0EXPLOSIVAS\u00a0 PREVENCI\u00d3N DE RIESGOS Y RESCATE EN ESPACIOS CONFINADOS<\/p>\n","protected":false},"author":1,"featured_media":5,"parent":0,"menu_order":0,"comment_status":"closed","ping_status":"closed","template":"","meta":{"footnotes":""},"class_list":["post-94","page","type-page","status-publish","has-post-thumbnail","hentry"],"_links":{"self":[{"href":"https:\/\/reysejet.es\/web\/index.php?rest_route=\/wp\/v2\/pages\/94","targetHints":{"allow":["GET"]}}],"collection":[{"href":"https:\/\/reysejet.es\/web\/index.php?rest_route=\/wp\/v2\/pages"}],"about":[{"href":"https:\/\/reysejet.es\/web\/index.php?rest_route=\/wp\/v2\/types\/page"}],"author":[{"embeddable":true,"href":"https:\/\/reysejet.es\/web\/index.php?rest_route=\/wp\/v2\/users\/1"}],"replies":[{"embeddable":true,"href":"https:\/\/reysejet.es\/web\/index.php?rest_route=%2Fwp%2Fv2%2Fcomments&post=94"}],"version-history":[{"count":16,"href":"https:\/\/reysejet.es\/web\/index.php?rest_route=\/wp\/v2\/pages\/94\/revisions"}],"predecessor-version":[{"id":391,"href":"https:\/\/reysejet.es\/web\/index.php?rest_route=\/wp\/v2\/pages\/94\/revisions\/391"}],"wp:featuredmedia":[{"embeddable":true,"href":"https:\/\/reysejet.es\/web\/index.php?rest_route=\/wp\/v2\/media\/5"}],"wp:attachment":[{"href":"https:\/\/reysejet.es\/web\/index.php?rest_route=%2Fwp%2Fv2%2Fmedia&parent=94"}],"curies":[{"name":"wp","href":"https:\/\/api.w.org\/{rel}","templated":true}]}}